{"id":51,"date":"2012-05-02T18:53:49","date_gmt":"2012-05-02T18:53:49","guid":{"rendered":"http:\/\/www.buergerverein-luckau.de\/?page_id=51"},"modified":"2015-01-25T06:35:58","modified_gmt":"2015-01-25T06:35:58","slug":"hallo","status":"publish","type":"page","link":"https:\/\/www.buergerverein-luckau.de\/","title":{"rendered":"Hallo"},"content":{"rendered":"<p>und Willkommen auf unserer Internetpr\u00e4senz des B\u00fcrgervereins.<br \/>\nAuf den folgenden Seiten m\u00f6chten wir allen Interessierten einen Einblick in die Ziele und die T\u00e4tigkeit unseres Vereins geben. Ihr findet hier neben aktuellen Terminen nat\u00fcrlich auch kleine Berichte und Fotos zu einzelnen Projekten und Veranstaltungen der letzten Zeit. Viel Freude beim Surfen auf unseren Seiten&#8230;<br \/>\n            \n\t\t<div class=\"ngg-gallery-singlepic-image \" style=\"max-width: 1200px\">\n\t\t\t    \t<a href=\"https:\/\/www.buergerverein-luckau.de\/wp-content\/gallery\/dorfbild\/img_0096-hell.jpg\"\n\t\t     title=\"\"\n             data-src=\"https:\/\/www.buergerverein-luckau.de\/wp-content\/gallery\/dorfbild\/img_0096-hell.jpg\"\n             data-thumbnail=\"https:\/\/www.buergerverein-luckau.de\/wp-content\/gallery\/dorfbild\/thumbs\/thumbs_img_0096-hell.jpg\"\n             data-image-id=\"407\"\n             data-title=\"img_0096-hell\"\n             data-description=\"\"\n             target='_self'\n             class=\"ngg-fancybox\" rel=\"09a741045a626cffda23219441fbd645\">\n            <img class=\"ngg-singlepic\"\n             src=\"https:\/\/www.buergerverein-luckau.de\/wp-content\/gallery\/dorfbild\/cache\/img_0096-hell.jpg-nggid03407-ngg0dyn-1200x1000x100-00f0w010c010r110f110r010t010.jpg\"\n             alt=\"img_0096-hell\"\n             title=\"img_0096-hell\"\n              width=\"1200\"               \/>\n    \t<\/a>\n\t\t      <\/div>\n        <\/p>\n<p>&nbsp;<\/p>\n","protected":false},"excerpt":{"rendered":"<p>und Willkommen auf unserer Internetpr\u00e4senz des B\u00fcrgervereins. Auf den folgenden Seiten m\u00f6chten wir allen Interessierten einen Einblick in die Ziele und die T\u00e4tigkeit unseres Vereins geben. Ihr findet hier neben aktuellen Terminen nat\u00fcrlich auch kleine Berichte und Fotos zu einzelnen &hellip; <a href=\"https:\/\/www.buergerverein-luckau.de\/\">Weiterlesen <span class=\"meta-nav\">&rarr;<\/span><\/a><\/p>\n","protected":false},"author":1,"featured_media":0,"parent":0,"menu_order":0,"comment_status":"closed","ping_status":"closed","template":"","meta":{"ngg_post_thumbnail":0},"_links":{"self":[{"href":"https:\/\/www.buergerverein-luckau.de\/index.php?rest_route=\/wp\/v2\/pages\/51"}],"collection":[{"href":"https:\/\/www.buergerverein-luckau.de\/index.php?rest_route=\/wp\/v2\/pages"}],"about":[{"href":"https:\/\/www.buergerverein-luckau.de\/index.php?rest_route=\/wp\/v2\/types\/page"}],"author":[{"embeddable":true,"href":"https:\/\/www.buergerverein-luckau.de\/index.php?rest_route=\/wp\/v2\/users\/1"}],"replies":[{"embeddable":true,"href":"https:\/\/www.buergerverein-luckau.de\/index.php?rest_route=%2Fwp%2Fv2%2Fcomments&post=51"}],"version-history":[{"count":17,"href":"https:\/\/www.buergerverein-luckau.de\/index.php?rest_route=\/wp\/v2\/pages\/51\/revisions"}],"predecessor-version":[{"id":716,"href":"https:\/\/www.buergerverein-luckau.de\/index.php?rest_route=\/wp\/v2\/pages\/51\/revisions\/716"}],"wp:attachment":[{"href":"https:\/\/www.buergerverein-luckau.de\/index.php?rest_route=%2Fwp%2Fv2%2Fmedia&parent=51"}],"curies":[{"name":"wp","href":"https:\/\/api.w.org\/{rel}","templated":true}]}}